{"id":9551,"date":"2025-10-05T06:28:13","date_gmt":"2025-10-05T04:28:13","guid":{"rendered":"https:\/\/thehrchapter.com\/ressources-et-guides\/"},"modified":"2025-10-10T15:40:03","modified_gmt":"2025-10-10T13:40:03","slug":"ressources-et-guides","status":"publish","type":"page","link":"https:\/\/thehrchapter.com\/fr\/ressources-et-guides\/","title":{"rendered":"Ressources et guides"},"content":{"rendered":"\n<div class=\"wp-block-uagb-container uagb-block-76c10568 alignfull uagb-is-root-container\"><div class=\"uagb-container-inner-blocks-wrap\">\n<div data-aos= \"fade-up\" data-aos-duration=\"400\" data-aos-delay=\"0\" data-aos-easing=\"ease\" data-aos-once=\"true\" class=\"wp-block-uagb-advanced-heading uagb-block-473240c3\"><h1 class=\"uagb-heading-text\">Ressources et guides<\/h1><div class=\"uagb-separator\"><\/div><p class=\"uagb-desc-text\">Explorez des outils pratiques, des id\u00e9es et des guides \u00e9tape par \u00e9tape con\u00e7us pour aider les startups et les entreprises de grande envergure \u00e0 mettre en place des \u00e9quipes solides, ax\u00e9es sur les personnes. Du recrutement \u00e0 l&rsquo;int\u00e9gration en passant par la culture et la performance, ces ressources sont destin\u00e9es aux fondateurs et aux \u00e9quipes en pleine croissance qui veulent que les RH soient bien g\u00e9r\u00e9es d\u00e8s le d\u00e9part.<br\/>Nous faisons en sorte que les choses soient simples, exploitables et pertinentes &#8211; pour que vous passiez moins de temps \u00e0 chercher des r\u00e9ponses et plus de temps \u00e0 d\u00e9velopper votre entreprise. <\/p><\/div>\n\n\n\n<div id=\"wp-block-themeisle-blocks-advanced-columns-1d2926d6\" class=\"wp-block-themeisle-blocks-advanced-columns alignfull has-1-columns has-desktop-equal-layout has-tablet-equal-layout has-mobile-collapsedRows-layout has-reverse-columns-mobile has-vertical-center ticss-c00aadba\"><div class=\"wp-block-themeisle-blocks-advanced-columns-overlay\"><\/div><div class=\"innerblocks-wrap\">\n<div id=\"wp-block-themeisle-blocks-advanced-column-e32f0cfa\" class=\"wp-block-themeisle-blocks-advanced-column\"><style type=\"text\/css\">.otter-masonry .blocks-gallery-grid .blocks-gallery-item img{ width:100% }<\/style><div class=\"otter-masonry\" data-margin=\"10\">\n<figure class=\"wp-block-gallery has-nested-images columns-2 is-cropped wp-block-gallery-1 is-layout-flex wp-block-gallery-is-layout-flex\">\n<figure class=\"wp-block-image size-large\"><a href=\"https:\/\/thehrchapter.com\/wp-content\/uploads\/2025\/10\/Startup-Recruiting-Resource-List-PDF-1-1.pdf\"><img loading=\"lazy\" decoding=\"async\" width=\"729\" height=\"1024\" data-id=\"9468\" src=\"https:\/\/thehrchapter.com\/wp-content\/uploads\/2025\/10\/Startup-Recruiting-Resource-List-PDF-1-729x1024.jpg\" alt=\"\" class=\"wp-image-9468\" srcset=\"https:\/\/thehrchapter.com\/wp-content\/uploads\/2025\/10\/Startup-Recruiting-Resource-List-PDF-1-729x1024.jpg 729w, https:\/\/thehrchapter.com\/wp-content\/uploads\/2025\/10\/Startup-Recruiting-Resource-List-PDF-1-214x300.jpg 214w, https:\/\/thehrchapter.com\/wp-content\/uploads\/2025\/10\/Startup-Recruiting-Resource-List-PDF-1-768x1079.jpg 768w, https:\/\/thehrchapter.com\/wp-content\/uploads\/2025\/10\/Startup-Recruiting-Resource-List-PDF-1-1093x1536.jpg 1093w, https:\/\/thehrchapter.com\/wp-content\/uploads\/2025\/10\/Startup-Recruiting-Resource-List-PDF-1.jpg 1208w\" sizes=\"auto, (max-width: 729px) 100vw, 729px\" \/><\/a><\/figure>\n<\/figure>\n<\/div><\/div>\n<\/div><\/div>\n<\/div><\/div>\n","protected":false},"excerpt":{"rendered":"<p>Ressources et guides Explorez des outils pratiques, des id\u00e9es et des guides \u00e9tape par \u00e9tape con\u00e7us pour aider les startups et les entreprises de grande envergure \u00e0 mettre en place des \u00e9quipes solides, ax\u00e9es sur les personnes. Du recrutement \u00e0 l&rsquo;int\u00e9gration en passant par la culture et la performance, ces ressources sont destin\u00e9es aux fondateurs [&hellip;]<\/p>\n","protected":false},"author":4,"featured_media":9552,"parent":0,"menu_order":0,"comment_status":"closed","ping_status":"closed","template":"","meta":{"_uag_custom_page_level_css":"","site-sidebar-layout":"no-sidebar","site-content-layout":"page-builder","ast-site-content-layout":"full-width-container","site-content-style":"unboxed","site-sidebar-style":"unboxed","ast-global-header-display":"","ast-banner-title-visibility":"","ast-main-header-display":"","ast-hfb-above-header-display":"","ast-hfb-below-header-display":"","ast-hfb-mobile-header-display":"","site-post-title":"disabled","ast-breadcrumbs-content":"","ast-featured-img":"disabled","footer-sml-layout":"","ast-disable-related-posts":"","theme-transparent-header-meta":"enabled","adv-header-id-meta":"","stick-header-meta":"","header-above-stick-meta":"","header-main-stick-meta":"","header-below-stick-meta":"","astra-migrate-meta-layouts":"default","ast-page-background-enabled":"default","ast-page-background-meta":{"desktop":{"background-color":"var(--ast-global-color-4)","background-image":"","background-repeat":"repeat","background-position":"center center","background-size":"auto","background-attachment":"scroll","background-type":"","background-media":"","overlay-type":"","overlay-color":"","overlay-opacity":"","overlay-gradient":""},"tablet":{"background-color":"","background-image":"","background-repeat":"repeat","background-position":"center center","background-size":"auto","background-attachment":"scroll","background-type":"","background-media":"","overlay-type":"","overlay-color":"","overlay-opacity":"","overlay-gradient":""},"mobile":{"background-color":"","background-image":"","background-repeat":"repeat","background-position":"center center","background-size":"auto","background-attachment":"scroll","background-type":"","background-media":"","overlay-type":"","overlay-color":"","overlay-opacity":"","overlay-gradient":""}},"ast-content-background-meta":{"desktop":{"background-color":"var(--ast-global-color-5)","background-image":"","background-repeat":"repeat","background-position":"center center","background-size":"auto","background-attachment":"scroll","background-type":"","background-media":"","overlay-type":"","overlay-color":"","overlay-opacity":"","overlay-gradient":""},"tablet":{"background-color":"var(--ast-global-color-5)","background-image":"","background-repeat":"repeat","background-position":"center center","background-size":"auto","background-attachment":"scroll","background-type":"","background-media":"","overlay-type":"","overlay-color":"","overlay-opacity":"","overlay-gradient":""},"mobile":{"background-color":"var(--ast-global-color-5)","background-image":"","background-repeat":"repeat","background-position":"center center","background-size":"auto","background-attachment":"scroll","background-type":"","background-media":"","overlay-type":"","overlay-color":"","overlay-opacity":"","overlay-gradient":""}},"_themeisle_gutenberg_block_has_review":false,"footnotes":""},"class_list":["post-9551","page","type-page","status-publish","has-post-thumbnail","hentry"],"uagb_featured_image_src":{"full":["https:\/\/thehrchapter.com\/wp-content\/uploads\/2024\/08\/black-businessman-introducing-new-colleague-during-2023-11-27-05-05-31-utc-scaled.jpg",2560,1707,false],"thumbnail":["https:\/\/thehrchapter.com\/wp-content\/uploads\/2024\/08\/black-businessman-introducing-new-colleague-during-2023-11-27-05-05-31-utc-150x150.jpg",150,150,true],"medium":["https:\/\/thehrchapter.com\/wp-content\/uploads\/2024\/08\/black-businessman-introducing-new-colleague-during-2023-11-27-05-05-31-utc-300x200.jpg",300,200,true],"medium_large":["https:\/\/thehrchapter.com\/wp-content\/uploads\/2024\/08\/black-businessman-introducing-new-colleague-during-2023-11-27-05-05-31-utc-768x512.jpg",768,512,true],"large":["https:\/\/thehrchapter.com\/wp-content\/uploads\/2024\/08\/black-businessman-introducing-new-colleague-during-2023-11-27-05-05-31-utc-1024x683.jpg",1024,683,true],"1536x1536":["https:\/\/thehrchapter.com\/wp-content\/uploads\/2024\/08\/black-businessman-introducing-new-colleague-during-2023-11-27-05-05-31-utc-1536x1024.jpg",1536,1024,true],"2048x2048":["https:\/\/thehrchapter.com\/wp-content\/uploads\/2024\/08\/black-businessman-introducing-new-colleague-during-2023-11-27-05-05-31-utc-2048x1365.jpg",2048,1365,true]},"uagb_author_info":{"display_name":"Romano","author_link":"https:\/\/thehrchapter.com\/fr\/author\/romano\/"},"uagb_comment_info":0,"uagb_excerpt":"Ressources et guides Explorez des outils pratiques, des id\u00e9es et des guides \u00e9tape par \u00e9tape con\u00e7us pour aider les startups et les entreprises de grande envergure \u00e0 mettre en place des \u00e9quipes solides, ax\u00e9es sur les personnes. Du recrutement \u00e0 l&rsquo;int\u00e9gration en passant par la culture et la performance, ces ressources sont destin\u00e9es aux fondateurs\u2026","_links":{"self":[{"href":"https:\/\/thehrchapter.com\/fr\/wp-json\/wp\/v2\/pages\/9551","targetHints":{"allow":["GET"]}}],"collection":[{"href":"https:\/\/thehrchapter.com\/fr\/wp-json\/wp\/v2\/pages"}],"about":[{"href":"https:\/\/thehrchapter.com\/fr\/wp-json\/wp\/v2\/types\/page"}],"author":[{"embeddable":true,"href":"https:\/\/thehrchapter.com\/fr\/wp-json\/wp\/v2\/users\/4"}],"replies":[{"embeddable":true,"href":"https:\/\/thehrchapter.com\/fr\/wp-json\/wp\/v2\/comments?post=9551"}],"version-history":[{"count":1,"href":"https:\/\/thehrchapter.com\/fr\/wp-json\/wp\/v2\/pages\/9551\/revisions"}],"predecessor-version":[{"id":9553,"href":"https:\/\/thehrchapter.com\/fr\/wp-json\/wp\/v2\/pages\/9551\/revisions\/9553"}],"wp:featuredmedia":[{"embeddable":true,"href":"https:\/\/thehrchapter.com\/fr\/wp-json\/wp\/v2\/media\/9552"}],"wp:attachment":[{"href":"https:\/\/thehrchapter.com\/fr\/wp-json\/wp\/v2\/media?parent=9551"}],"curies":[{"name":"wp","href":"https:\/\/api.w.org\/{rel}","templated":true}]}}