{"id":9501,"date":"2025-10-05T06:28:13","date_gmt":"2025-10-05T04:28:13","guid":{"rendered":"https:\/\/thehrchapter.com\/?page_id=9501"},"modified":"2025-10-10T15:40:13","modified_gmt":"2025-10-10T13:40:13","slug":"eficacia-de-rrhh-2","status":"publish","type":"page","link":"https:\/\/thehrchapter.com\/es\/eficacia-de-rrhh-2\/","title":{"rendered":"Recursos y gu\u00edas"},"content":{"rendered":"\n<div class=\"wp-block-uagb-container uagb-block-76c10568 alignfull uagb-is-root-container\"><div class=\"uagb-container-inner-blocks-wrap\">\n<div data-aos= \"fade-up\" data-aos-duration=\"400\" data-aos-delay=\"0\" data-aos-easing=\"ease\" data-aos-once=\"true\" class=\"wp-block-uagb-advanced-heading uagb-block-473240c3\"><h1 class=\"uagb-heading-text\">Recursos y gu\u00edas<\/h1><div class=\"uagb-separator\"><\/div><p class=\"uagb-desc-text\">Explora herramientas pr\u00e1cticas, ideas y gu\u00edas paso a paso dise\u00f1adas para ayudar a las startups y scaleups a crear equipos fuertes y centrados en las personas. Desde la contrataci\u00f3n y la incorporaci\u00f3n hasta la cultura y el rendimiento, estos recursos est\u00e1n pensados para los fundadores y los equipos en crecimiento que quieren hacer las cosas bien en RRHH desde el principio.<br\/>Mantenemos las cosas sencillas, pr\u00e1cticas y relevantes, para que puedas dedicar menos tiempo a buscar respuestas y m\u00e1s a construir tu negocio. <\/p><\/div>\n\n\n\n<div id=\"wp-block-themeisle-blocks-advanced-columns-1d2926d6\" class=\"wp-block-themeisle-blocks-advanced-columns alignfull has-1-columns has-desktop-equal-layout has-tablet-equal-layout has-mobile-collapsedRows-layout has-reverse-columns-mobile has-vertical-center ticss-c00aadba\"><div class=\"wp-block-themeisle-blocks-advanced-columns-overlay\"><\/div><div class=\"innerblocks-wrap\">\n<div id=\"wp-block-themeisle-blocks-advanced-column-e32f0cfa\" class=\"wp-block-themeisle-blocks-advanced-column\"><style type=\"text\/css\">.otter-masonry .blocks-gallery-grid .blocks-gallery-item img{ width:100% }<\/style><div class=\"otter-masonry\" data-margin=\"10\">\n<figure class=\"wp-block-gallery has-nested-images columns-2 is-cropped wp-block-gallery-1 is-layout-flex wp-block-gallery-is-layout-flex\">\n<figure class=\"wp-block-image size-large\"><a href=\"https:\/\/thehrchapter.com\/wp-content\/uploads\/2025\/10\/Startup-Recruiting-Resource-List-PDF-1-1.pdf\"><img loading=\"lazy\" decoding=\"async\" width=\"729\" height=\"1024\" data-id=\"9468\" src=\"https:\/\/thehrchapter.com\/wp-content\/uploads\/2025\/10\/Startup-Recruiting-Resource-List-PDF-1-729x1024.jpg\" alt=\"\" class=\"wp-image-9468\" srcset=\"https:\/\/thehrchapter.com\/wp-content\/uploads\/2025\/10\/Startup-Recruiting-Resource-List-PDF-1-729x1024.jpg 729w, https:\/\/thehrchapter.com\/wp-content\/uploads\/2025\/10\/Startup-Recruiting-Resource-List-PDF-1-214x300.jpg 214w, https:\/\/thehrchapter.com\/wp-content\/uploads\/2025\/10\/Startup-Recruiting-Resource-List-PDF-1-768x1079.jpg 768w, https:\/\/thehrchapter.com\/wp-content\/uploads\/2025\/10\/Startup-Recruiting-Resource-List-PDF-1-1093x1536.jpg 1093w, https:\/\/thehrchapter.com\/wp-content\/uploads\/2025\/10\/Startup-Recruiting-Resource-List-PDF-1.jpg 1208w\" sizes=\"auto, (max-width: 729px) 100vw, 729px\" \/><\/a><\/figure>\n<\/figure>\n<\/div><\/div>\n<\/div><\/div>\n<\/div><\/div>\n","protected":false},"excerpt":{"rendered":"<p>Recursos y gu\u00edas Explora herramientas pr\u00e1cticas, ideas y gu\u00edas paso a paso dise\u00f1adas para ayudar a las startups y scaleups a crear equipos fuertes y centrados en las personas. Desde la contrataci\u00f3n y la incorporaci\u00f3n hasta la cultura y el rendimiento, estos recursos est\u00e1n pensados para los fundadores y los equipos en crecimiento que quieren [&hellip;]<\/p>\n","protected":false},"author":4,"featured_media":5522,"parent":0,"menu_order":0,"comment_status":"closed","ping_status":"closed","template":"","meta":{"_uag_custom_page_level_css":"","site-sidebar-layout":"no-sidebar","site-content-layout":"page-builder","ast-site-content-layout":"full-width-container","site-content-style":"unboxed","site-sidebar-style":"unboxed","ast-global-header-display":"","ast-banner-title-visibility":"","ast-main-header-display":"","ast-hfb-above-header-display":"","ast-hfb-below-header-display":"","ast-hfb-mobile-header-display":"","site-post-title":"disabled","ast-breadcrumbs-content":"","ast-featured-img":"disabled","footer-sml-layout":"","ast-disable-related-posts":"","theme-transparent-header-meta":"enabled","adv-header-id-meta":"","stick-header-meta":"","header-above-stick-meta":"","header-main-stick-meta":"","header-below-stick-meta":"","astra-migrate-meta-layouts":"set","ast-page-background-enabled":"default","ast-page-background-meta":{"desktop":{"background-color":"var(--ast-global-color-4)","background-image":"","background-repeat":"repeat","background-position":"center center","background-size":"auto","background-attachment":"scroll","background-type":"","background-media":"","overlay-type":"","overlay-color":"","overlay-opacity":"","overlay-gradient":""},"tablet":{"background-color":"","background-image":"","background-repeat":"repeat","background-position":"center center","background-size":"auto","background-attachment":"scroll","background-type":"","background-media":"","overlay-type":"","overlay-color":"","overlay-opacity":"","overlay-gradient":""},"mobile":{"background-color":"","background-image":"","background-repeat":"repeat","background-position":"center center","background-size":"auto","background-attachment":"scroll","background-type":"","background-media":"","overlay-type":"","overlay-color":"","overlay-opacity":"","overlay-gradient":""}},"ast-content-background-meta":{"desktop":{"background-color":"var(--ast-global-color-5)","background-image":"","background-repeat":"repeat","background-position":"center center","background-size":"auto","background-attachment":"scroll","background-type":"","background-media":"","overlay-type":"","overlay-color":"","overlay-opacity":"","overlay-gradient":""},"tablet":{"background-color":"var(--ast-global-color-5)","background-image":"","background-repeat":"repeat","background-position":"center center","background-size":"auto","background-attachment":"scroll","background-type":"","background-media":"","overlay-type":"","overlay-color":"","overlay-opacity":"","overlay-gradient":""},"mobile":{"background-color":"var(--ast-global-color-5)","background-image":"","background-repeat":"repeat","background-position":"center center","background-size":"auto","background-attachment":"scroll","background-type":"","background-media":"","overlay-type":"","overlay-color":"","overlay-opacity":"","overlay-gradient":""}},"_themeisle_gutenberg_block_has_review":false,"footnotes":""},"class_list":["post-9501","page","type-page","status-publish","has-post-thumbnail","hentry"],"uagb_featured_image_src":{"full":["https:\/\/thehrchapter.com\/wp-content\/uploads\/2024\/08\/black-businessman-introducing-new-colleague-during-2023-11-27-05-05-31-utc-scaled.jpg",2560,1707,false],"thumbnail":["https:\/\/thehrchapter.com\/wp-content\/uploads\/2024\/08\/black-businessman-introducing-new-colleague-during-2023-11-27-05-05-31-utc-150x150.jpg",150,150,true],"medium":["https:\/\/thehrchapter.com\/wp-content\/uploads\/2024\/08\/black-businessman-introducing-new-colleague-during-2023-11-27-05-05-31-utc-300x200.jpg",300,200,true],"medium_large":["https:\/\/thehrchapter.com\/wp-content\/uploads\/2024\/08\/black-businessman-introducing-new-colleague-during-2023-11-27-05-05-31-utc-768x512.jpg",768,512,true],"large":["https:\/\/thehrchapter.com\/wp-content\/uploads\/2024\/08\/black-businessman-introducing-new-colleague-during-2023-11-27-05-05-31-utc-1024x683.jpg",1024,683,true],"1536x1536":["https:\/\/thehrchapter.com\/wp-content\/uploads\/2024\/08\/black-businessman-introducing-new-colleague-during-2023-11-27-05-05-31-utc-1536x1024.jpg",1536,1024,true],"2048x2048":["https:\/\/thehrchapter.com\/wp-content\/uploads\/2024\/08\/black-businessman-introducing-new-colleague-during-2023-11-27-05-05-31-utc-2048x1365.jpg",2048,1365,true]},"uagb_author_info":{"display_name":"Romano","author_link":"https:\/\/thehrchapter.com\/es\/author\/romano\/"},"uagb_comment_info":0,"uagb_excerpt":"Recursos y gu\u00edas Explora herramientas pr\u00e1cticas, ideas y gu\u00edas paso a paso dise\u00f1adas para ayudar a las startups y scaleups a crear equipos fuertes y centrados en las personas. Desde la contrataci\u00f3n y la incorporaci\u00f3n hasta la cultura y el rendimiento, estos recursos est\u00e1n pensados para los fundadores y los equipos en crecimiento que quieren&hellip;","_links":{"self":[{"href":"https:\/\/thehrchapter.com\/es\/wp-json\/wp\/v2\/pages\/9501","targetHints":{"allow":["GET"]}}],"collection":[{"href":"https:\/\/thehrchapter.com\/es\/wp-json\/wp\/v2\/pages"}],"about":[{"href":"https:\/\/thehrchapter.com\/es\/wp-json\/wp\/v2\/types\/page"}],"author":[{"embeddable":true,"href":"https:\/\/thehrchapter.com\/es\/wp-json\/wp\/v2\/users\/4"}],"replies":[{"embeddable":true,"href":"https:\/\/thehrchapter.com\/es\/wp-json\/wp\/v2\/comments?post=9501"}],"version-history":[{"count":3,"href":"https:\/\/thehrchapter.com\/es\/wp-json\/wp\/v2\/pages\/9501\/revisions"}],"predecessor-version":[{"id":9560,"href":"https:\/\/thehrchapter.com\/es\/wp-json\/wp\/v2\/pages\/9501\/revisions\/9560"}],"wp:featuredmedia":[{"embeddable":true,"href":"https:\/\/thehrchapter.com\/es\/wp-json\/wp\/v2\/media\/5522"}],"wp:attachment":[{"href":"https:\/\/thehrchapter.com\/es\/wp-json\/wp\/v2\/media?parent=9501"}],"curies":[{"name":"wp","href":"https:\/\/api.w.org\/{rel}","templated":true}]}}